{"id":2196,"date":"2020-12-17T12:56:28","date_gmt":"2020-12-17T11:56:28","guid":{"rendered":"https:\/\/personalkontakter.de\/bewerbung-erfolgreich"},"modified":"2020-12-17T13:03:34","modified_gmt":"2020-12-17T12:03:34","slug":"bewerbung-erfolgreich","status":"publish","type":"page","link":"https:\/\/www.personalkontakter.de\/hu\/bewerbung-erfolgreich\/","title":{"rendered":"Bewerbung Erfolgreich"},"content":{"rendered":"<p>[et_pb_section fb_built=&#8221;1&#8243; module_class=&#8221;language-selector-section&#8221; _builder_version=&#8221;3.29.3&#8243; custom_padding=&#8221;0px||0px||true|false&#8221; locked=&#8221;off&#8221; fb_built=&#8221;1&#8243; _i=&#8221;0&#8243; _address=&#8221;0&#8243;][et_pb_row _builder_version=&#8221;3.29.3&#8243; _i=&#8221;0&#8243; _address=&#8221;0.0&#8243;][et_pb_column type=&#8221;4_4&#8243; _builder_version=&#8221;3.29.3&#8243; _i=&#8221;0&#8243; _address=&#8221;0.0.0&#8243;][et_pb_image src=&#8221;https:\/\/personalkontakter.metawork.studio\/wp-content\/uploads\/2019\/08\/DerPersonalkontakter-Logo-RGB.svg&#8221; align=&#8221;center&#8221; admin_label=&#8221;Main Logo&#8221; _builder_version=&#8221;3.29.3&#8243; max_width=&#8221;200px&#8221; _i=&#8221;0&#8243; _address=&#8221;0.0.0.0&#8243;][\/et_pb_image][et_pb_text _builder_version=&#8221;3.29.3&#8243; _i=&#8221;1&#8243; _address=&#8221;0.0.0.1&#8243;]<\/p>\n<h1 style=\"text-align: center;\">K\u00f6sz\u00f6nj\u00fck jelentkez\u00e9s\u00e9t!<\/h1>\n<p style=\"text-align: center;\">Munkat\u00e1rsaink a k\u00f6vetkez\u0151 24 \u00f3r\u00e1n bel\u00fcl felveszik \u00d6nnel a kapcsolatot, hogy megvitass\u00e1k a tov\u00e1bbi l\u00e9p\u00e9seket.<\/p>\n<p>[\/et_pb_text][\/et_pb_column][\/et_pb_row][\/et_pb_section]<\/p>\n","protected":false},"excerpt":{"rendered":"<p>K\u00f6sz\u00f6nj\u00fck jelentkez\u00e9s\u00e9t! Munkat\u00e1rsaink a k\u00f6vetkez\u0151 24 \u00f3r\u00e1n bel\u00fcl felveszik \u00d6nnel a kapcsolatot, hogy megvitass\u00e1k a tov\u00e1bbi l\u00e9p\u00e9seket.<\/p>\n","protected":false},"author":3,"featured_media":0,"parent":0,"menu_order":0,"comment_status":"closed","ping_status":"closed","template":"","meta":{"_et_pb_use_builder":"on","_et_pb_old_content":"","_et_gb_content_width":"","footnotes":""},"class_list":["post-2196","page","type-page","status-publish","hentry"],"yoast_head":"<!-- This site is optimized with the Yoast SEO plugin v27.3 - https:\/\/yoast.com\/product\/yoast-seo-wordpress\/ -->\n<title>Bewerbung Erfolgreich - Der Personalkontakter<\/title>\n<meta name=\"description\" content=\"Bewerbung Erfolgreich - Professionelle Agentur f\u00fcr Zeitarbeit in Augsburg \u2714 Wir finden ihr Personal!\" \/>\n<meta name=\"robots\" content=\"index, follow, max-snippet:-1, max-image-preview:large, max-video-preview:-1\" \/>\n<link rel=\"canonical\" href=\"https:\/\/www.personalkontakter.de\/hu\/bewerbung-erfolgreich\/\" \/>\n<meta property=\"og:locale\" content=\"hu_HU\" \/>\n<meta property=\"og:type\" content=\"article\" \/>\n<meta property=\"og:title\" content=\"Bewerbung Erfolgreich - Der Personalkontakter\" \/>\n<meta property=\"og:description\" content=\"Bewerbung Erfolgreich - Professionelle Agentur f\u00fcr Zeitarbeit in Augsburg \u2714 Wir finden ihr Personal!\" \/>\n<meta property=\"og:url\" content=\"https:\/\/www.personalkontakter.de\/hu\/bewerbung-erfolgreich\/\" \/>\n<meta property=\"og:site_name\" content=\"Der Personalkontakter\" \/>\n<meta property=\"article:publisher\" content=\"http:\/\/www.personalkontaker.de\" \/>\n<meta property=\"article:modified_time\" content=\"2020-12-17T12:03:34+00:00\" \/>\n<meta name=\"twitter:card\" content=\"summary_large_image\" \/>\n<meta name=\"twitter:label1\" content=\"Est. reading time\" \/>\n\t<meta name=\"twitter:data1\" content=\"1 perc\" \/>\n<script type=\"application\/ld+json\" class=\"yoast-schema-graph\">{\"@context\":\"https:\\\/\\\/schema.org\",\"@graph\":[{\"@type\":\"WebPage\",\"@id\":\"https:\\\/\\\/www.personalkontakter.de\\\/hu\\\/bewerbung-erfolgreich\\\/\",\"url\":\"https:\\\/\\\/www.personalkontakter.de\\\/hu\\\/bewerbung-erfolgreich\\\/\",\"name\":\"Bewerbung Erfolgreich - Der Personalkontakter\",\"isPartOf\":{\"@id\":\"https:\\\/\\\/www.personalkontakter.de\\\/pl\\\/#website\"},\"datePublished\":\"2020-12-17T11:56:28+00:00\",\"dateModified\":\"2020-12-17T12:03:34+00:00\",\"description\":\"Bewerbung Erfolgreich - Professionelle Agentur f\u00fcr Zeitarbeit in Augsburg \u2714 Wir finden ihr Personal!\",\"breadcrumb\":{\"@id\":\"https:\\\/\\\/www.personalkontakter.de\\\/hu\\\/bewerbung-erfolgreich\\\/#breadcrumb\"},\"inLanguage\":\"hu\",\"potentialAction\":[{\"@type\":\"ReadAction\",\"target\":[\"https:\\\/\\\/www.personalkontakter.de\\\/hu\\\/bewerbung-erfolgreich\\\/\"]}]},{\"@type\":\"BreadcrumbList\",\"@id\":\"https:\\\/\\\/www.personalkontakter.de\\\/hu\\\/bewerbung-erfolgreich\\\/#breadcrumb\",\"itemListElement\":[{\"@type\":\"ListItem\",\"position\":1,\"name\":\"Home\",\"item\":\"https:\\\/\\\/www.personalkontakter.de\\\/hu\\\/\"},{\"@type\":\"ListItem\",\"position\":2,\"name\":\"Bewerbung Erfolgreich\"}]},{\"@type\":\"WebSite\",\"@id\":\"https:\\\/\\\/www.personalkontakter.de\\\/pl\\\/#website\",\"url\":\"https:\\\/\\\/www.personalkontakter.de\\\/pl\\\/\",\"name\":\"Der Personalkontakter\",\"description\":\"Wir denken europ\u00e4isch!\",\"potentialAction\":[{\"@type\":\"SearchAction\",\"target\":{\"@type\":\"EntryPoint\",\"urlTemplate\":\"https:\\\/\\\/www.personalkontakter.de\\\/pl\\\/?s={search_term_string}\"},\"query-input\":{\"@type\":\"PropertyValueSpecification\",\"valueRequired\":true,\"valueName\":\"search_term_string\"}}],\"inLanguage\":\"hu\"}]}<\/script>\n<!-- \/ Yoast SEO plugin. -->","yoast_head_json":{"title":"Bewerbung Erfolgreich - Der Personalkontakter","description":"Bewerbung Erfolgreich - Professionelle Agentur f\u00fcr Zeitarbeit in Augsburg \u2714 Wir finden ihr Personal!","robots":{"index":"index","follow":"follow","max-snippet":"max-snippet:-1","max-image-preview":"max-image-preview:large","max-video-preview":"max-video-preview:-1"},"canonical":"https:\/\/www.personalkontakter.de\/hu\/bewerbung-erfolgreich\/","og_locale":"hu_HU","og_type":"article","og_title":"Bewerbung Erfolgreich - Der Personalkontakter","og_description":"Bewerbung Erfolgreich - Professionelle Agentur f\u00fcr Zeitarbeit in Augsburg \u2714 Wir finden ihr Personal!","og_url":"https:\/\/www.personalkontakter.de\/hu\/bewerbung-erfolgreich\/","og_site_name":"Der Personalkontakter","article_publisher":"http:\/\/www.personalkontaker.de","article_modified_time":"2020-12-17T12:03:34+00:00","twitter_card":"summary_large_image","twitter_misc":{"Est. reading time":"1 perc"},"schema":{"@context":"https:\/\/schema.org","@graph":[{"@type":"WebPage","@id":"https:\/\/www.personalkontakter.de\/hu\/bewerbung-erfolgreich\/","url":"https:\/\/www.personalkontakter.de\/hu\/bewerbung-erfolgreich\/","name":"Bewerbung Erfolgreich - Der Personalkontakter","isPartOf":{"@id":"https:\/\/www.personalkontakter.de\/pl\/#website"},"datePublished":"2020-12-17T11:56:28+00:00","dateModified":"2020-12-17T12:03:34+00:00","description":"Bewerbung Erfolgreich - Professionelle Agentur f\u00fcr Zeitarbeit in Augsburg \u2714 Wir finden ihr Personal!","breadcrumb":{"@id":"https:\/\/www.personalkontakter.de\/hu\/bewerbung-erfolgreich\/#breadcrumb"},"inLanguage":"hu","potentialAction":[{"@type":"ReadAction","target":["https:\/\/www.personalkontakter.de\/hu\/bewerbung-erfolgreich\/"]}]},{"@type":"BreadcrumbList","@id":"https:\/\/www.personalkontakter.de\/hu\/bewerbung-erfolgreich\/#breadcrumb","itemListElement":[{"@type":"ListItem","position":1,"name":"Home","item":"https:\/\/www.personalkontakter.de\/hu\/"},{"@type":"ListItem","position":2,"name":"Bewerbung Erfolgreich"}]},{"@type":"WebSite","@id":"https:\/\/www.personalkontakter.de\/pl\/#website","url":"https:\/\/www.personalkontakter.de\/pl\/","name":"Der Personalkontakter","description":"Wir denken europ\u00e4isch!","potentialAction":[{"@type":"SearchAction","target":{"@type":"EntryPoint","urlTemplate":"https:\/\/www.personalkontakter.de\/pl\/?s={search_term_string}"},"query-input":{"@type":"PropertyValueSpecification","valueRequired":true,"valueName":"search_term_string"}}],"inLanguage":"hu"}]}},"_links":{"self":[{"href":"https:\/\/www.personalkontakter.de\/hu\/wp-json\/wp\/v2\/pages\/2196","targetHints":{"allow":["GET"]}}],"collection":[{"href":"https:\/\/www.personalkontakter.de\/hu\/wp-json\/wp\/v2\/pages"}],"about":[{"href":"https:\/\/www.personalkontakter.de\/hu\/wp-json\/wp\/v2\/types\/page"}],"author":[{"embeddable":true,"href":"https:\/\/www.personalkontakter.de\/hu\/wp-json\/wp\/v2\/users\/3"}],"replies":[{"embeddable":true,"href":"https:\/\/www.personalkontakter.de\/hu\/wp-json\/wp\/v2\/comments?post=2196"}],"version-history":[{"count":4,"href":"https:\/\/www.personalkontakter.de\/hu\/wp-json\/wp\/v2\/pages\/2196\/revisions"}],"predecessor-version":[{"id":2209,"href":"https:\/\/www.personalkontakter.de\/hu\/wp-json\/wp\/v2\/pages\/2196\/revisions\/2209"}],"wp:attachment":[{"href":"https:\/\/www.personalkontakter.de\/hu\/wp-json\/wp\/v2\/media?parent=2196"}],"curies":[{"name":"wp","href":"https:\/\/api.w.org\/{rel}","templated":true}]}}