{"id":2062,"date":"2020-11-30T14:54:02","date_gmt":"2020-11-30T13:54:02","guid":{"rendered":"https:\/\/personalkontakter.de\/valassza-ki-a-nyelvet"},"modified":"2020-12-12T13:10:30","modified_gmt":"2020-12-12T12:10:30","slug":"valassza-ki-a-nyelvet","status":"publish","type":"page","link":"https:\/\/www.personalkontakter.de\/hu\/valassza-ki-a-nyelvet\/","title":{"rendered":"V\u00e1lassza ki a nyelv\u00e9t"},"content":{"rendered":"<p>[et_pb_section fb_built=&#8221;1&#8243; module_class=&#8221;language-selector-section&#8221; _builder_version=&#8221;3.29.3&#8243; custom_padding=&#8221;0px||0px||true|false&#8221; fb_built=&#8221;1&#8243; _i=&#8221;0&#8243; _address=&#8221;0&#8243;][et_pb_row _builder_version=&#8221;3.29.3&#8243; _i=&#8221;0&#8243; _address=&#8221;0.0&#8243;][et_pb_column type=&#8221;4_4&#8243; _builder_version=&#8221;3.29.3&#8243; _i=&#8221;0&#8243; _address=&#8221;0.0.0&#8243;][et_pb_image src=&#8221;https:\/\/personalkontakter.de\/wp-content\/uploads\/2019\/08\/DerPersonalkontakter-Logo-RGB.svg&#8221; align=&#8221;center&#8221; admin_label=&#8221;Main Logo&#8221; _builder_version=&#8221;3.29.3&#8243; max_width=&#8221;200px&#8221; _i=&#8221;0&#8243; _address=&#8221;0.0.0.0&#8243;][\/et_pb_image][et_pb_text _builder_version=&#8221;3.29.3&#8243; _i=&#8221;1&#8243; _address=&#8221;0.0.0.1&#8243;][\/et_pb_text][\/et_pb_column][\/et_pb_row][et_pb_row column_structure=&#8221;1_6,1_6,1_6,1_6,1_6,1_6&#8243; _builder_version=&#8221;3.29.3&#8243; custom_css_main_element=&#8221;    justify-content: center;||    display: flex;||    flex-wrap: wrap;&#8221; _i=&#8221;1&#8243; _address=&#8221;0.1&#8243;][et_pb_column type=&#8221;1_6&#8243; _builder_version=&#8221;3.29.3&#8243; _i=&#8221;0&#8243; _address=&#8221;0.1.0&#8243;][et_pb_image src=&#8221;https:\/\/personalkontakter.de\/wp-content\/uploads\/2020\/11\/Flag_of_Germany.jpg&#8221; url=&#8221;https:\/\/personalkontakter.de\/hu?page_id=2091&#8243; admin_label=&#8221;German&#8221; _builder_version=&#8221;3.29.3&#8243; hover_enabled=&#8221;0&#8243; _i=&#8221;0&#8243; _address=&#8221;0.1.0.0&#8243;][\/et_pb_image][et_pb_text admin_label=&#8221;German Title&#8221; _builder_version=&#8221;3.29.3&#8243; _i=&#8221;1&#8243; _address=&#8221;0.1.0.1&#8243;]Jelentkezz most<br \/>\n[\/et_pb_text][\/et_pb_column][et_pb_column type=&#8221;1_6&#8243; _builder_version=&#8221;3.29.3&#8243; _i=&#8221;1&#8243; _address=&#8221;0.1.1&#8243;][et_pb_image src=&#8221;https:\/\/personalkontakter.de\/wp-content\/uploads\/2020\/11\/Flag_of_Croatia.jpg&#8221; url=&#8221;https:\/\/personalkontakter.de\/hu?page_id=2091&#8243; admin_label=&#8221;Croatian&#8221; _builder_version=&#8221;3.29.3&#8243; hover_enabled=&#8221;0&#8243; _i=&#8221;0&#8243; _address=&#8221;0.1.1.0&#8243;][\/et_pb_image][et_pb_text admin_label=&#8221;Croatian Title&#8221; _builder_version=&#8221;3.29.3&#8243; _i=&#8221;1&#8243; _address=&#8221;0.1.1.1&#8243;]Primijeni sada<br \/>\n[\/et_pb_text][\/et_pb_column][et_pb_column type=&#8221;1_6&#8243; _builder_version=&#8221;3.29.3&#8243; _i=&#8221;2&#8243; _address=&#8221;0.1.2&#8243;][et_pb_image src=&#8221;https:\/\/personalkontakter.de\/wp-content\/uploads\/2020\/11\/Flag_of_Great_Britain.jpg&#8221; url=&#8221;https:\/\/personalkontakter.de\/hu?page_id=2091&#8243; admin_label=&#8221;English&#8221; _builder_version=&#8221;3.29.3&#8243; hover_enabled=&#8221;0&#8243; _i=&#8221;0&#8243; _address=&#8221;0.1.2.0&#8243;][\/et_pb_image][et_pb_text admin_label=&#8221;English Title&#8221; _builder_version=&#8221;3.29.3&#8243; _i=&#8221;1&#8243; _address=&#8221;0.1.2.1&#8243;]Apply now<br \/>\n[\/et_pb_text][\/et_pb_column][et_pb_column type=&#8221;1_6&#8243; _builder_version=&#8221;3.29.3&#8243; _i=&#8221;3&#8243; _address=&#8221;0.1.3&#8243;][et_pb_image src=&#8221;https:\/\/personalkontakter.de\/wp-content\/uploads\/2020\/11\/Flag_of_Poland.jpg&#8221; url=&#8221;https:\/\/personalkontakter.de\/hu?page_id=2091&#8243; admin_label=&#8221;Polish&#8221; _builder_version=&#8221;3.29.3&#8243; hover_enabled=&#8221;0&#8243; _i=&#8221;0&#8243; _address=&#8221;0.1.3.0&#8243;][\/et_pb_image][et_pb_text admin_label=&#8221;Polish Title&#8221; _builder_version=&#8221;3.29.3&#8243; _i=&#8221;1&#8243; _address=&#8221;0.1.3.1&#8243;]Aplikuj teraz<br \/>\n[\/et_pb_text][\/et_pb_column][et_pb_column type=&#8221;1_6&#8243; _builder_version=&#8221;3.29.3&#8243; _i=&#8221;4&#8243; _address=&#8221;0.1.4&#8243;][et_pb_image src=&#8221;https:\/\/personalkontakter.de\/wp-content\/uploads\/2020\/11\/Flag_of_Romania.jpg&#8221; url=&#8221;https:\/\/personalkontakter.de\/hu?page_id=2091&#8243; admin_label=&#8221;Romanian&#8221; _builder_version=&#8221;3.29.3&#8243; hover_enabled=&#8221;0&#8243; _i=&#8221;0&#8243; _address=&#8221;0.1.4.0&#8243;][\/et_pb_image][et_pb_text admin_label=&#8221;Romanian Title&#8221; _builder_version=&#8221;3.29.3&#8243; _i=&#8221;1&#8243; _address=&#8221;0.1.4.1&#8243;]Aplica acum<br \/>\n[\/et_pb_text][\/et_pb_column][et_pb_column type=&#8221;1_6&#8243; disabled_on=&#8221;off|off|off&#8221; _builder_version=&#8221;3.29.3&#8243; _i=&#8221;5&#8243; _address=&#8221;0.1.5&#8243;][et_pb_image src=&#8221;https:\/\/personalkontakter.de\/wp-content\/uploads\/2020\/11\/Flag_of_Hungary.jpg&#8221; url=&#8221;https:\/\/personalkontakter.de\/hu?page_id=2091&#8243; disabled_on=&#8221;off|off|off&#8221; admin_label=&#8221;Hungarian&#8221; _builder_version=&#8221;3.29.3&#8243; hover_enabled=&#8221;0&#8243; _i=&#8221;0&#8243; _address=&#8221;0.1.5.0&#8243;][\/et_pb_image][et_pb_text disabled_on=&#8221;off|off|off&#8221; admin_label=&#8221;Hungarian Title&#8221; _builder_version=&#8221;3.29.3&#8243; _i=&#8221;1&#8243; _address=&#8221;0.1.5.1&#8243;]Jelentkezz most<br \/>\n[\/et_pb_text][\/et_pb_column][\/et_pb_row][\/et_pb_section]<\/p>\n","protected":false},"excerpt":{"rendered":"<p>Jelentkezz most Primijeni sada Apply now Aplikuj teraz Aplica acum Jelentkezz most<\/p>\n","protected":false},"author":3,"featured_media":0,"parent":0,"menu_order":0,"comment_status":"closed","ping_status":"closed","template":"","meta":{"_et_pb_use_builder":"on","_et_pb_old_content":"","_et_gb_content_width":"","footnotes":""},"class_list":["post-2062","page","type-page","status-publish","hentry"],"yoast_head":"<!-- This site is optimized with the Yoast SEO plugin v27.4 - https:\/\/yoast.com\/product\/yoast-seo-wordpress\/ -->\n<title>V\u00e1lassza ki a nyelv\u00e9t - Der Personalkontakter<\/title>\n<meta name=\"description\" content=\"V\u00e1lassza ki a nyelv\u00e9t - Professionelle Agentur f\u00fcr Zeitarbeit in Augsburg \u2714 Wir finden ihr Personal!\" \/>\n<meta name=\"robots\" content=\"noindex, follow\" \/>\n<meta property=\"og:locale\" content=\"hu_HU\" \/>\n<meta property=\"og:type\" content=\"article\" \/>\n<meta property=\"og:title\" content=\"V\u00e1lassza ki a nyelv\u00e9t - Der Personalkontakter\" \/>\n<meta property=\"og:description\" content=\"V\u00e1lassza ki a nyelv\u00e9t - Professionelle Agentur f\u00fcr Zeitarbeit in Augsburg \u2714 Wir finden ihr Personal!\" \/>\n<meta property=\"og:url\" content=\"https:\/\/www.personalkontakter.de\/waehlen-sie-ihre-sprache\/\" \/>\n<meta property=\"og:site_name\" content=\"Der Personalkontakter\" \/>\n<meta property=\"article:publisher\" content=\"http:\/\/www.personalkontaker.de\" \/>\n<meta property=\"article:modified_time\" content=\"2020-12-12T12:10:30+00:00\" \/>\n<meta name=\"twitter:card\" content=\"summary_large_image\" \/>\n<meta name=\"twitter:label1\" content=\"Est. reading time\" \/>\n\t<meta name=\"twitter:data1\" content=\"2 perc\" \/>\n<script type=\"application\/ld+json\" class=\"yoast-schema-graph\">{\"@context\":\"https:\\\/\\\/schema.org\",\"@graph\":[{\"@type\":\"WebPage\",\"@id\":\"https:\\\/\\\/www.personalkontakter.de\\\/waehlen-sie-ihre-sprache\\\/\",\"url\":\"https:\\\/\\\/www.personalkontakter.de\\\/waehlen-sie-ihre-sprache\\\/\",\"name\":\"V\u00e1lassza ki a nyelv\u00e9t - Der Personalkontakter\",\"isPartOf\":{\"@id\":\"https:\\\/\\\/www.personalkontakter.de\\\/pl\\\/#website\"},\"datePublished\":\"2020-11-30T13:54:02+00:00\",\"dateModified\":\"2020-12-12T12:10:30+00:00\",\"description\":\"V\u00e1lassza ki a nyelv\u00e9t - Professionelle Agentur f\u00fcr Zeitarbeit in Augsburg \u2714 Wir finden ihr Personal!\",\"breadcrumb\":{\"@id\":\"https:\\\/\\\/www.personalkontakter.de\\\/waehlen-sie-ihre-sprache\\\/#breadcrumb\"},\"inLanguage\":\"hu\",\"potentialAction\":[{\"@type\":\"ReadAction\",\"target\":[\"https:\\\/\\\/www.personalkontakter.de\\\/waehlen-sie-ihre-sprache\\\/\"]}]},{\"@type\":\"BreadcrumbList\",\"@id\":\"https:\\\/\\\/www.personalkontakter.de\\\/waehlen-sie-ihre-sprache\\\/#breadcrumb\",\"itemListElement\":[{\"@type\":\"ListItem\",\"position\":1,\"name\":\"Home\",\"item\":\"https:\\\/\\\/www.personalkontakter.de\\\/hu\\\/\"},{\"@type\":\"ListItem\",\"position\":2,\"name\":\"V\u00e1lassza ki a nyelv\u00e9t\"}]},{\"@type\":\"WebSite\",\"@id\":\"https:\\\/\\\/www.personalkontakter.de\\\/pl\\\/#website\",\"url\":\"https:\\\/\\\/www.personalkontakter.de\\\/pl\\\/\",\"name\":\"Der Personalkontakter\",\"description\":\"Wir denken europ\u00e4isch!\",\"potentialAction\":[{\"@type\":\"SearchAction\",\"target\":{\"@type\":\"EntryPoint\",\"urlTemplate\":\"https:\\\/\\\/www.personalkontakter.de\\\/pl\\\/?s={search_term_string}\"},\"query-input\":{\"@type\":\"PropertyValueSpecification\",\"valueRequired\":true,\"valueName\":\"search_term_string\"}}],\"inLanguage\":\"hu\"}]}<\/script>\n<!-- \/ Yoast SEO plugin. -->","yoast_head_json":{"title":"V\u00e1lassza ki a nyelv\u00e9t - Der Personalkontakter","description":"V\u00e1lassza ki a nyelv\u00e9t - Professionelle Agentur f\u00fcr Zeitarbeit in Augsburg \u2714 Wir finden ihr Personal!","robots":{"index":"noindex","follow":"follow"},"og_locale":"hu_HU","og_type":"article","og_title":"V\u00e1lassza ki a nyelv\u00e9t - Der Personalkontakter","og_description":"V\u00e1lassza ki a nyelv\u00e9t - Professionelle Agentur f\u00fcr Zeitarbeit in Augsburg \u2714 Wir finden ihr Personal!","og_url":"https:\/\/www.personalkontakter.de\/waehlen-sie-ihre-sprache\/","og_site_name":"Der Personalkontakter","article_publisher":"http:\/\/www.personalkontaker.de","article_modified_time":"2020-12-12T12:10:30+00:00","twitter_card":"summary_large_image","twitter_misc":{"Est. reading time":"2 perc"},"schema":{"@context":"https:\/\/schema.org","@graph":[{"@type":"WebPage","@id":"https:\/\/www.personalkontakter.de\/waehlen-sie-ihre-sprache\/","url":"https:\/\/www.personalkontakter.de\/waehlen-sie-ihre-sprache\/","name":"V\u00e1lassza ki a nyelv\u00e9t - Der Personalkontakter","isPartOf":{"@id":"https:\/\/www.personalkontakter.de\/pl\/#website"},"datePublished":"2020-11-30T13:54:02+00:00","dateModified":"2020-12-12T12:10:30+00:00","description":"V\u00e1lassza ki a nyelv\u00e9t - Professionelle Agentur f\u00fcr Zeitarbeit in Augsburg \u2714 Wir finden ihr Personal!","breadcrumb":{"@id":"https:\/\/www.personalkontakter.de\/waehlen-sie-ihre-sprache\/#breadcrumb"},"inLanguage":"hu","potentialAction":[{"@type":"ReadAction","target":["https:\/\/www.personalkontakter.de\/waehlen-sie-ihre-sprache\/"]}]},{"@type":"BreadcrumbList","@id":"https:\/\/www.personalkontakter.de\/waehlen-sie-ihre-sprache\/#breadcrumb","itemListElement":[{"@type":"ListItem","position":1,"name":"Home","item":"https:\/\/www.personalkontakter.de\/hu\/"},{"@type":"ListItem","position":2,"name":"V\u00e1lassza ki a nyelv\u00e9t"}]},{"@type":"WebSite","@id":"https:\/\/www.personalkontakter.de\/pl\/#website","url":"https:\/\/www.personalkontakter.de\/pl\/","name":"Der Personalkontakter","description":"Wir denken europ\u00e4isch!","potentialAction":[{"@type":"SearchAction","target":{"@type":"EntryPoint","urlTemplate":"https:\/\/www.personalkontakter.de\/pl\/?s={search_term_string}"},"query-input":{"@type":"PropertyValueSpecification","valueRequired":true,"valueName":"search_term_string"}}],"inLanguage":"hu"}]}},"_links":{"self":[{"href":"https:\/\/www.personalkontakter.de\/hu\/wp-json\/wp\/v2\/pages\/2062","targetHints":{"allow":["GET"]}}],"collection":[{"href":"https:\/\/www.personalkontakter.de\/hu\/wp-json\/wp\/v2\/pages"}],"about":[{"href":"https:\/\/www.personalkontakter.de\/hu\/wp-json\/wp\/v2\/types\/page"}],"author":[{"embeddable":true,"href":"https:\/\/www.personalkontakter.de\/hu\/wp-json\/wp\/v2\/users\/3"}],"replies":[{"embeddable":true,"href":"https:\/\/www.personalkontakter.de\/hu\/wp-json\/wp\/v2\/comments?post=2062"}],"version-history":[{"count":12,"href":"https:\/\/www.personalkontakter.de\/hu\/wp-json\/wp\/v2\/pages\/2062\/revisions"}],"predecessor-version":[{"id":2113,"href":"https:\/\/www.personalkontakter.de\/hu\/wp-json\/wp\/v2\/pages\/2062\/revisions\/2113"}],"wp:attachment":[{"href":"https:\/\/www.personalkontakter.de\/hu\/wp-json\/wp\/v2\/media?parent=2062"}],"curies":[{"name":"wp","href":"https:\/\/api.w.org\/{rel}","templated":true}]}}