{"id":5262,"date":"2023-03-02T21:13:40","date_gmt":"2023-03-02T20:13:40","guid":{"rendered":"https:\/\/personalkontakter.de\/?page_id=5262"},"modified":"2023-03-02T21:13:40","modified_gmt":"2023-03-02T20:13:40","slug":"translation-page","status":"publish","type":"page","link":"https:\/\/www.personalkontakter.de\/en\/translation-page\/","title":{"rendered":"Translation Page"},"content":{"rendered":"<p>[select* Staatsangehrigkeit include_blank &#8220;Deutschland&#8221; &#8220;Belgien&#8221; &#8220;Bulgarien&#8221; &#8220;D\u00e4nemark&#8221; &#8220;Estland&#8221; &#8220;Finnland&#8221; &#8220;Frankreich&#8221; &#8220;Griechenland&#8221; &#8220;Irland&#8221; &#8220;Italien&#8221; &#8220;Kroatien&#8221; &#8220;Litauen&#8221; &#8220;Luxemburg&#8221; &#8220;Malta&#8221; &#8220;Niederlande&#8221;&#8221;\u00d6sterreich&#8221; &#8220;Polen&#8221; &#8220;Portugal&#8221; &#8220;Rum\u00e4nien&#8221; &#8220;Schweden&#8221; &#8220;Slowakei&#8221; &#8220;Slowenien&#8221; &#8220;Tschechien&#8221; &#8220;Ungarn&#8221; &#8220;Zypern&#8221; &#8220;Deutschland&#8221; &#8220;Belgien&#8221; &#8220;Bulgarien&#8221; &#8220;D\u00e4nemark&#8221; &#8220;Estland&#8221; &#8220;Finnland&#8221; &#8220;Frankreich&#8221; &#8220;Griechenland&#8221; &#8220;Irland&#8221; &#8220;Italien&#8221; &#8220;Kroatien&#8221; &#8220;Litauen&#8221; &#8220;Luxemburg&#8221; &#8220;Malta&#8221; &#8220;Niederlande&#8221; &#8220;\u00d6sterreich&#8221; &#8220;Polen&#8221; &#8220;Portugal&#8221; &#8220;Rum\u00e4nien&#8221; &#8220;Schweden&#8221; &#8220;Slowakei&#8221; &#8220;Slowenien&#8221; &#8220;Tschechien&#8221; &#8220;Ungarn&#8221; &#8220;Zypern&#8221; &#8220;Deutschland&#8221; &#8220;Belgien&#8221; &#8220;Bulgarien&#8221; &#8220;D\u00e4nemark&#8221; &#8220;Estland&#8221; &#8220;Finnland&#8221; &#8220;Frankreich&#8221; &#8220;Griechenland&#8221; &#8220;Irland&#8221; &#8220;Italien&#8221; &#8220;Kroatien&#8221; &#8220;Litauen&#8221; &#8220;Luxemburg&#8221; &#8220;Malta&#8221; &#8220;Niederlande&#8221; &#8220;\u00d6sterreich&#8221; &#8220;Polen&#8221; &#8220;Portugal&#8221; &#8220;Rum\u00e4nien&#8221; &#8220;Schweden&#8221; &#8220;Slowakei&#8221; &#8220;Slowenien&#8221; &#8220;Tschechien&#8221; &#8220;Ungarn&#8221; &#8220;Zypern&#8221; &#8220;Afghanistan&#8221; &#8220;\u00c4gypten&#8221; &#8220;\u00c5land&#8221; &#8220;Albanien&#8221; &#8220;Algerien&#8221; &#8220;Amerikanische Jungferninseln&#8221; &#8220;Amerikanisch-Samoa&#8221; &#8220;Andorra&#8221; &#8220;Angola&#8221; &#8220;Anguilla&#8221; &#8220;Antarktis&#8221; &#8220;Antigua und Barbuda&#8221; &#8220;\u00c4quatorialguinea&#8221; &#8220;Argentinien&#8221; &#8220;Armenien&#8221; &#8220;Aruba&#8221; &#8220;\u00c4thiopien&#8221; &#8220;Ascension&#8221; &#8220;Aserbaidsch&#8221; &#8220;Aserbaidschanan&#8221; &#8220;\u00c4thiopien&#8221; &#8220;Australien&#8221; &#8220;Bahamas&#8221; &#8220;Bahrain&#8221; &#8220;Bangladesch&#8221; &#8220;Barbados&#8221; &#8220;Benin&#8221; &#8220;Bermuda&#8221; &#8220;Bhutan&#8221; &#8220;Bolivien&#8221; &#8220;Bosnien und Herzegowina&#8221; &#8220;Botsuana&#8221; &#8220;Brasilien&#8221; &#8220;Bouvetinsel&#8221; &#8220;Britische Jungferninseln&#8221; &#8220;Brunei&#8221; &#8220;Burkina Faso&#8221; &#8220;Burundi&#8221; &#8220;Chile&#8221; &#8220;China&#8221; &#8220;Clipperton-Insel&#8221; &#8220;Cookinseln&#8221; &#8220;Costa Rica&#8221; &#8220;Diego Garcia&#8221; &#8220;Dominica&#8221; &#8220;Dominikanische Republik&#8221; &#8220;Dschibuti&#8221; &#8220;Ecuador&#8221; &#8220;El Salvador&#8221; &#8220;Elfenbeink\u00fcste&#8221; &#8220;Eritrea&#8221; &#8220;Falklandinseln&#8221; &#8220;F\u00e4r\u00f6er&#8221; &#8220;Fidschi&#8221; &#8220;Frankreich, metropolitan&#8221; &#8220;Franz\u00f6sische S\u00fcd- und Antarktisgebiete&#8221; &#8220;Franz\u00f6sisch-Guayana&#8221; &#8220;Franz\u00f6sisch-Polynesien&#8221; &#8220;Gabun&#8221; &#8220;Gambia&#8221; &#8220;Georgien&#8221; &#8220;Ghana&#8221; &#8220;Gibraltar&#8221; &#8220;Grenada&#8221; &#8220;Gr\u00f6nland&#8221; &#8220;Guadeloupe&#8221; &#8220;Guam&#8221; &#8220;Guatemala&#8221; &#8220;Guernsey&#8221; &#8220;Guinea&#8221; &#8220;Guinea-Bissau&#8221; &#8220;Haiti&#8221; &#8220;Heard und McDonaldinseln&#8221; &#8220;Honduras&#8221; &#8220;Hongkong&#8221; &#8220;Indien&#8221; &#8220;Indonesien&#8221; &#8220;Irak&#8221; &#8220;Iran&#8221; &#8220;Island&#8221; &#8220;Israel&#8221; &#8220;Jamaika&#8221; &#8220;Japan&#8221; &#8220;Jemen&#8221; &#8220;Jersey&#8221; &#8220;Jordanien&#8221; &#8220;Jugoslawien&#8221; &#8220;Kaimaninseln&#8221; &#8220;Kambodscha&#8221; &#8220;Kamerun&#8221; &#8220;Kanada&#8221; &#8220;Kap Verde&#8221; &#8220;Kasachstan&#8221; &#8220;Katar&#8221; &#8220;Kenia&#8221; &#8220;Kirgisistan&#8221; &#8220;Kiribati&#8221; &#8220;Kokosinseln&#8221; &#8220;Kolumbien&#8221; &#8220;Komoren&#8221; &#8220;Kongo, Demokratische Republik&#8221; &#8220;Kongo, Republik&#8221; &#8220;Kosovo&#8221; &#8220;Kuba&#8221; &#8220;Kuwait&#8221; &#8220;Laos&#8221; &#8220;Lesotho&#8221; &#8220;Lettland&#8221; &#8220;Libanon&#8221; &#8220;Liberia&#8221; &#8220;Libyen&#8221; &#8220;Liechtenstein&#8221; &#8220;Macao&#8221; &#8220;Madagaskar&#8221; &#8220;Malawi&#8221; &#8220;Malaysia&#8221; &#8220;Malediven&#8221; &#8220;Mali&#8221; &#8220;Marokko&#8221; &#8220;Marshallinseln&#8221; &#8220;Martinique&#8221; &#8220;Mauretanien&#8221; &#8220;Mauritius&#8221; &#8220;Mazedonien&#8221; &#8220;Mexiko&#8221; &#8220;Mikronesien&#8221; &#8220;Moldau&#8221; &#8220;Monaco&#8221; &#8220;Mongolei&#8221; &#8220;Montenegro&#8221; &#8220;Montserrat&#8221; &#8220;Mosambik&#8221; &#8220;Myanmar&#8221; &#8220;Namibia&#8221; &#8220;Nauru&#8221; &#8220;Nepal&#8221; &#8220;Neukaledonien&#8221; &#8220;Neuseeland&#8221; &#8220;Nicaragua&#8221; &#8220;Niederl\u00e4ndische Antillen&#8221; &#8220;Niger&#8221; &#8220;Nigeria&#8221; &#8220;Niue&#8221; &#8220;Nordkorea&#8221; &#8220;N\u00f6rdliche Marianen&#8221; &#8220;Norfolkinsel&#8221; &#8220;Norwegen&#8221; &#8220;Oman&#8221; &#8220;Osttimor&#8221; &#8220;Pakistan&#8221; &#8220;Pal\u00e4stinensische Autonomiegebiete&#8221; &#8220;Palau&#8221; &#8220;Panama&#8221; &#8220;Papua-Neuguinea&#8221; &#8220;Paraguay&#8221; &#8220;Peru&#8221; &#8220;Philippinen&#8221; &#8220;Pitcairninseln&#8221; &#8220;Puerto Rico&#8221; &#8220;R\u00e9union&#8221; &#8220;R\u00e9union&#8221; &#8220;Russland&#8221; &#8220;Saint-Martin&#8221; &#8220;Saint-Pierre und Miquelon&#8221; &#8220;Salomonen&#8221; &#8220;Sambia&#8221; &#8220;Samoa&#8221; &#8220;San Marino&#8221; &#8220;S\u00e3o Tom\u00e9 und Pr\u00edncipe&#8221; &#8220;Saudi-Arabien&#8221; &#8220;Schweiz&#8221; &#8220;Senegal&#8221; &#8220;Serbien&#8221; &#8220;Seychellen&#8221; &#8220;Sierra Leone&#8221;&#8221;Simbabwe&#8221; &#8220;Singapur&#8221; &#8220;Somalia&#8221; &#8220;Sowjetunion&#8221; &#8220;Spanien&#8221; &#8220;Spitzbergen und Jan Mayen&#8221; &#8220;Sri Lanka&#8221; &#8220;St. Helena&#8221; &#8220;St. Kitts und Nevis&#8221; &#8220;St. Lucia&#8221; &#8220;St. Vincent und die Grenadinen&#8221; &#8220;S\u00fcdafrika&#8221; &#8220;Sudan&#8221; &#8220;S\u00fcdgeorgien und die S\u00fcdlichen Sandwichinseln&#8221; &#8220;S\u00fcdgeorgien und die S\u00fcdlichen Sandwichinseln&#8221; &#8220;Suriname&#8221; &#8220;Swasiland&#8221; &#8220;Syrien&#8221; &#8220;Tadschikistan&#8221; &#8220;Taiwan&#8221; &#8220;Tansania&#8221; &#8220;Thailand&#8221; &#8220;Togo&#8221; &#8220;Tokelau&#8221; &#8220;Trinidad und Tobago&#8221; &#8220;Tristan da Cunha&#8221; &#8220;Tschad&#8221; &#8220;Tunesien&#8221; &#8220;T\u00fcrkei&#8221; &#8220;Turkmenistan&#8221; &#8220;Turks- und Caicosinseln&#8221; &#8220;Tuvalu&#8221; &#8220;Uganda&#8221; &#8220;Ukraine&#8221; &#8220;United States Minor Outlying Islands&#8221; &#8220;Uruguay&#8221; &#8220;Usbekistan&#8221; &#8220;Vanuatu&#8221; &#8220;Vatikanstadt&#8221; &#8220;Venezuela&#8221; &#8220;Vereinigte Arabische Emirate&#8221; &#8220;Vereinigte Staaten&#8221; &#8220;Vereinigtes K\u00f6nigreich&#8221; &#8220;Vietnam&#8221; &#8220;Wallis und Futuna&#8221; &#8220;Weihnachtsinsel&#8221; &#8220;Wei\u00dfrussland&#8221; &#8220;Westsahara&#8221; &#8220;Zentralafrikanische Republik&#8221;]<\/p>\n","protected":false},"excerpt":{"rendered":"<p>[select* Staatsangehrigkeit include_blank &#8220;Deutschland&#8221; &#8220;Belgien&#8221; &#8220;Bulgarien&#8221; &#8220;D\u00e4nemark&#8221; &#8220;Estland&#8221; &#8220;Finnland&#8221; &#8220;Frankreich&#8221; &#8220;Griechenland&#8221; &#8220;Irland&#8221; &#8220;Italien&#8221; &#8220;Kroatien&#8221; &#8220;Litauen&#8221; &#8220;Luxemburg&#8221; &#8220;Malta&#8221; &#8220;Niederlande&#8221;&#8221;\u00d6sterreich&#8221; &#8220;Polen&#8221; &#8220;Portugal&#8221; &#8220;Rum\u00e4nien&#8221; &#8220;Schweden&#8221; &#8220;Slowakei&#8221; &#8220;Slowenien&#8221; &#8220;Tschechien&#8221; &#8220;Ungarn&#8221; &#8220;Zypern&#8221; &#8220;Deutschland&#8221; &#8220;Belgien&#8221; &#8220;Bulgarien&#8221; &#8220;D\u00e4nemark&#8221; &#8220;Estland&#8221; &#8220;Finnland&#8221; &#8220;Frankreich&#8221; &#8220;Griechenland&#8221; &#8220;Irland&#8221; &#8220;Italien&#8221; &#8220;Kroatien&#8221; &#8220;Litauen&#8221; &#8220;Luxemburg&#8221; &#8220;Malta&#8221; &#8220;Niederlande&#8221; &#8220;\u00d6sterreich&#8221; &#8220;Polen&#8221; &#8220;Portugal&#8221; &#8220;Rum\u00e4nien&#8221; &#8220;Schweden&#8221; &#8220;Slowakei&#8221; &#8220;Slowenien&#8221; &#8220;Tschechien&#8221; &#8220;Ungarn&#8221; &#8220;Zypern&#8221; &#8220;Deutschland&#8221; &#8220;Belgien&#8221; &#8220;Bulgarien&#8221; [&hellip;]<\/p>\n","protected":false},"author":3,"featured_media":0,"parent":0,"menu_order":0,"comment_status":"closed","ping_status":"closed","template":"","meta":{"_et_pb_use_builder":"","_et_pb_old_content":"","_et_gb_content_width":"","footnotes":""},"class_list":["post-5262","page","type-page","status-publish","hentry"],"yoast_head":"<!-- This site is optimized with the Yoast SEO plugin v27.3 - https:\/\/yoast.com\/product\/yoast-seo-wordpress\/ -->\n<title>Translation Page - Der Personalkontakter<\/title>\n<meta name=\"description\" content=\"Translation Page - Professionelle Agentur f\u00fcr Zeitarbeit in Augsburg \u2714 Wir finden ihr Personal!\" \/>\n<meta name=\"robots\" content=\"index, follow, max-snippet:-1, max-image-preview:large, max-video-preview:-1\" \/>\n<link rel=\"canonical\" href=\"https:\/\/www.personalkontakter.de\/en\/translation-page\/\" \/>\n<meta property=\"og:locale\" content=\"en_US\" \/>\n<meta property=\"og:type\" content=\"article\" \/>\n<meta property=\"og:title\" content=\"Translation Page - Der Personalkontakter\" \/>\n<meta property=\"og:description\" content=\"Translation Page - Professionelle Agentur f\u00fcr Zeitarbeit in Augsburg \u2714 Wir finden ihr Personal!\" \/>\n<meta property=\"og:url\" content=\"https:\/\/www.personalkontakter.de\/en\/translation-page\/\" \/>\n<meta property=\"og:site_name\" content=\"Der Personalkontakter\" \/>\n<meta property=\"article:publisher\" content=\"http:\/\/www.personalkontaker.de\" \/>\n<meta name=\"twitter:card\" content=\"summary_large_image\" \/>\n<meta name=\"twitter:label1\" content=\"Est. reading time\" \/>\n\t<meta name=\"twitter:data1\" content=\"2 minutes\" \/>\n<script type=\"application\/ld+json\" class=\"yoast-schema-graph\">{\"@context\":\"https:\\\/\\\/schema.org\",\"@graph\":[{\"@type\":\"WebPage\",\"@id\":\"https:\\\/\\\/www.personalkontakter.de\\\/en\\\/translation-page\\\/\",\"url\":\"https:\\\/\\\/www.personalkontakter.de\\\/en\\\/translation-page\\\/\",\"name\":\"Translation Page - Der Personalkontakter\",\"isPartOf\":{\"@id\":\"https:\\\/\\\/www.personalkontakter.de\\\/pl\\\/#website\"},\"datePublished\":\"2023-03-02T20:13:40+00:00\",\"description\":\"Translation Page - Professionelle Agentur f\u00fcr Zeitarbeit in Augsburg \u2714 Wir finden ihr Personal!\",\"breadcrumb\":{\"@id\":\"https:\\\/\\\/www.personalkontakter.de\\\/en\\\/translation-page\\\/#breadcrumb\"},\"inLanguage\":\"en-US\",\"potentialAction\":[{\"@type\":\"ReadAction\",\"target\":[\"https:\\\/\\\/www.personalkontakter.de\\\/en\\\/translation-page\\\/\"]}]},{\"@type\":\"BreadcrumbList\",\"@id\":\"https:\\\/\\\/www.personalkontakter.de\\\/en\\\/translation-page\\\/#breadcrumb\",\"itemListElement\":[{\"@type\":\"ListItem\",\"position\":1,\"name\":\"Home\",\"item\":\"https:\\\/\\\/www.personalkontakter.de\\\/en\\\/\"},{\"@type\":\"ListItem\",\"position\":2,\"name\":\"Translation Page\"}]},{\"@type\":\"WebSite\",\"@id\":\"https:\\\/\\\/www.personalkontakter.de\\\/pl\\\/#website\",\"url\":\"https:\\\/\\\/www.personalkontakter.de\\\/pl\\\/\",\"name\":\"Der Personalkontakter\",\"description\":\"Wir denken europ\u00e4isch!\",\"potentialAction\":[{\"@type\":\"SearchAction\",\"target\":{\"@type\":\"EntryPoint\",\"urlTemplate\":\"https:\\\/\\\/www.personalkontakter.de\\\/pl\\\/?s={search_term_string}\"},\"query-input\":{\"@type\":\"PropertyValueSpecification\",\"valueRequired\":true,\"valueName\":\"search_term_string\"}}],\"inLanguage\":\"en-US\"}]}<\/script>\n<!-- \/ Yoast SEO plugin. -->","yoast_head_json":{"title":"Translation Page - Der Personalkontakter","description":"Translation Page - Professionelle Agentur f\u00fcr Zeitarbeit in Augsburg \u2714 Wir finden ihr Personal!","robots":{"index":"index","follow":"follow","max-snippet":"max-snippet:-1","max-image-preview":"max-image-preview:large","max-video-preview":"max-video-preview:-1"},"canonical":"https:\/\/www.personalkontakter.de\/en\/translation-page\/","og_locale":"en_US","og_type":"article","og_title":"Translation Page - Der Personalkontakter","og_description":"Translation Page - Professionelle Agentur f\u00fcr Zeitarbeit in Augsburg \u2714 Wir finden ihr Personal!","og_url":"https:\/\/www.personalkontakter.de\/en\/translation-page\/","og_site_name":"Der Personalkontakter","article_publisher":"http:\/\/www.personalkontaker.de","twitter_card":"summary_large_image","twitter_misc":{"Est. reading time":"2 minutes"},"schema":{"@context":"https:\/\/schema.org","@graph":[{"@type":"WebPage","@id":"https:\/\/www.personalkontakter.de\/en\/translation-page\/","url":"https:\/\/www.personalkontakter.de\/en\/translation-page\/","name":"Translation Page - Der Personalkontakter","isPartOf":{"@id":"https:\/\/www.personalkontakter.de\/pl\/#website"},"datePublished":"2023-03-02T20:13:40+00:00","description":"Translation Page - Professionelle Agentur f\u00fcr Zeitarbeit in Augsburg \u2714 Wir finden ihr Personal!","breadcrumb":{"@id":"https:\/\/www.personalkontakter.de\/en\/translation-page\/#breadcrumb"},"inLanguage":"en-US","potentialAction":[{"@type":"ReadAction","target":["https:\/\/www.personalkontakter.de\/en\/translation-page\/"]}]},{"@type":"BreadcrumbList","@id":"https:\/\/www.personalkontakter.de\/en\/translation-page\/#breadcrumb","itemListElement":[{"@type":"ListItem","position":1,"name":"Home","item":"https:\/\/www.personalkontakter.de\/en\/"},{"@type":"ListItem","position":2,"name":"Translation Page"}]},{"@type":"WebSite","@id":"https:\/\/www.personalkontakter.de\/pl\/#website","url":"https:\/\/www.personalkontakter.de\/pl\/","name":"Der Personalkontakter","description":"Wir denken europ\u00e4isch!","potentialAction":[{"@type":"SearchAction","target":{"@type":"EntryPoint","urlTemplate":"https:\/\/www.personalkontakter.de\/pl\/?s={search_term_string}"},"query-input":{"@type":"PropertyValueSpecification","valueRequired":true,"valueName":"search_term_string"}}],"inLanguage":"en-US"}]}},"_links":{"self":[{"href":"https:\/\/www.personalkontakter.de\/en\/wp-json\/wp\/v2\/pages\/5262","targetHints":{"allow":["GET"]}}],"collection":[{"href":"https:\/\/www.personalkontakter.de\/en\/wp-json\/wp\/v2\/pages"}],"about":[{"href":"https:\/\/www.personalkontakter.de\/en\/wp-json\/wp\/v2\/types\/page"}],"author":[{"embeddable":true,"href":"https:\/\/www.personalkontakter.de\/en\/wp-json\/wp\/v2\/users\/3"}],"replies":[{"embeddable":true,"href":"https:\/\/www.personalkontakter.de\/en\/wp-json\/wp\/v2\/comments?post=5262"}],"version-history":[{"count":1,"href":"https:\/\/www.personalkontakter.de\/en\/wp-json\/wp\/v2\/pages\/5262\/revisions"}],"predecessor-version":[{"id":5265,"href":"https:\/\/www.personalkontakter.de\/en\/wp-json\/wp\/v2\/pages\/5262\/revisions\/5265"}],"wp:attachment":[{"href":"https:\/\/www.personalkontakter.de\/en\/wp-json\/wp\/v2\/media?parent=5262"}],"curies":[{"name":"wp","href":"https:\/\/api.w.org\/{rel}","templated":true}]}}