{"id":1737,"date":"2020-11-05T23:31:31","date_gmt":"2020-11-05T22:31:31","guid":{"rendered":"https:\/\/personalkontakter.de\/choose-language"},"modified":"2025-01-31T11:46:21","modified_gmt":"2025-01-31T10:46:21","slug":"choose-language","status":"publish","type":"page","link":"https:\/\/www.personalkontakter.de\/en\/choose-language\/","title":{"rendered":"W\u00e4hlen Sie Ihre Sprache"},"content":{"rendered":"<p>[et_pb_section fb_built=&#8221;1&#8243; module_class=&#8221;language-selector-section&#8221; _builder_version=&#8221;4.16&#8243; custom_padding=&#8221;0px||0px||true|false&#8221; global_colors_info=&#8221;{}&#8221;][et_pb_row _builder_version=&#8221;4.16&#8243; global_colors_info=&#8221;{}&#8221;][et_pb_column type=&#8221;4_4&#8243; _builder_version=&#8221;4.16&#8243; global_colors_info=&#8221;{}&#8221;][et_pb_image src=&#8221;https:\/\/personalkontakter.de\/wp-content\/uploads\/2019\/08\/DerPersonalkontakter-Logo-RGB.svg&#8221; align=&#8221;center&#8221; admin_label=&#8221;Main Logo&#8221; _builder_version=&#8221;4.16&#8243; max_width=&#8221;200px&#8221; global_colors_info=&#8221;{}&#8221;][\/et_pb_image][et_pb_text _builder_version=&#8221;4.16&#8243; global_colors_info=&#8221;{}&#8221;][\/et_pb_text][\/et_pb_column][\/et_pb_row][et_pb_row column_structure=&#8221;1_6,1_6,1_6,1_6,1_6,1_6&#8243; _builder_version=&#8221;4.16&#8243; custom_css_main_element=&#8221;    justify-content: center;||    display: flex;||    flex-wrap: wrap;&#8221; global_colors_info=&#8221;{}&#8221;][et_pb_column type=&#8221;1_6&#8243; _builder_version=&#8221;4.16&#8243; global_colors_info=&#8221;{}&#8221;][et_pb_image src=&#8221;https:\/\/personalkontakter.de\/wp-content\/uploads\/2020\/11\/Flag_of_Germany.jpg&#8221; url=&#8221;\/de\/lp-video\/&#8221; admin_label=&#8221;German&#8221; _builder_version=&#8221;4.16&#8243; global_colors_info=&#8221;{}&#8221;][\/et_pb_image][et_pb_text admin_label=&#8221;German Title&#8221; _builder_version=&#8221;4.16&#8243; global_colors_info=&#8221;{}&#8221;]Jetzt bewerben[\/et_pb_text][\/et_pb_column][et_pb_column type=&#8221;1_6&#8243; _builder_version=&#8221;4.16&#8243; global_colors_info=&#8221;{}&#8221;][et_pb_image src=&#8221;https:\/\/personalkontakter.de\/wp-content\/uploads\/2020\/11\/Flag_of_Croatia.jpg&#8221; url=&#8221;\/hr\/lp-video\/&#8221; admin_label=&#8221;Croatian&#8221; _builder_version=&#8221;4.16&#8243; global_colors_info=&#8221;{}&#8221;][\/et_pb_image][et_pb_text admin_label=&#8221;Croatian Title&#8221; _builder_version=&#8221;4.16&#8243; global_colors_info=&#8221;{}&#8221;]Primijeni sada[\/et_pb_text][\/et_pb_column][et_pb_column type=&#8221;1_6&#8243; _builder_version=&#8221;4.16&#8243; global_colors_info=&#8221;{}&#8221;][et_pb_image src=&#8221;https:\/\/personalkontakter.de\/wp-content\/uploads\/2020\/11\/Flag_of_Great_Britain.jpg&#8221; url=&#8221;\/en\/lp-video\/&#8221; admin_label=&#8221;English&#8221; _builder_version=&#8221;4.16&#8243; global_colors_info=&#8221;{}&#8221;][\/et_pb_image][et_pb_text admin_label=&#8221;English Title&#8221; _builder_version=&#8221;4.16&#8243; global_colors_info=&#8221;{}&#8221;]Apply now[\/et_pb_text][\/et_pb_column][et_pb_column type=&#8221;1_6&#8243; _builder_version=&#8221;4.16&#8243; global_colors_info=&#8221;{}&#8221;][et_pb_image src=&#8221;https:\/\/personalkontakter.de\/wp-content\/uploads\/2020\/11\/Flag_of_Poland.jpg&#8221; url=&#8221;\/pl\/lp-video\/&#8221; admin_label=&#8221;Polish&#8221; _builder_version=&#8221;4.16&#8243; global_colors_info=&#8221;{}&#8221;][\/et_pb_image][et_pb_text admin_label=&#8221;Polish Title&#8221; _builder_version=&#8221;4.16&#8243; global_colors_info=&#8221;{}&#8221;]Aplikuj teraz[\/et_pb_text][\/et_pb_column][et_pb_column type=&#8221;1_6&#8243; _builder_version=&#8221;4.16&#8243; global_colors_info=&#8221;{}&#8221;][et_pb_image src=&#8221;https:\/\/personalkontakter.de\/wp-content\/uploads\/2020\/11\/Flag_of_Romania.jpg&#8221; url=&#8221;\/ro\/lp-video\/&#8221; admin_label=&#8221;Romanian&#8221; _builder_version=&#8221;4.16&#8243; global_colors_info=&#8221;{}&#8221;][\/et_pb_image][et_pb_text admin_label=&#8221;Romanian Title&#8221; _builder_version=&#8221;4.16&#8243; global_colors_info=&#8221;{}&#8221;]Aplica acum[\/et_pb_text][\/et_pb_column][et_pb_column type=&#8221;1_6&#8243; disabled_on=&#8221;off|off|off&#8221; _builder_version=&#8221;4.16&#8243; global_colors_info=&#8221;{}&#8221;][et_pb_image src=&#8221;https:\/\/personalkontakter.de\/wp-content\/uploads\/2020\/11\/Flag_of_Hungary.jpg&#8221; url=&#8221;\/hu\/lp-video&#8221; disabled_on=&#8221;off|off|off&#8221; admin_label=&#8221;Hungarian&#8221; _builder_version=&#8221;4.16&#8243; global_colors_info=&#8221;{}&#8221;][\/et_pb_image][et_pb_text disabled_on=&#8221;off|off|off&#8221; admin_label=&#8221;Hungarian Title&#8221; _builder_version=&#8221;4.16&#8243; global_colors_info=&#8221;{}&#8221;]Jelentkezz most[\/et_pb_text][\/et_pb_column][\/et_pb_row][\/et_pb_section]<\/p>\n","protected":false},"excerpt":{"rendered":"<p>Jetzt bewerbenPrimijeni sadaApply nowAplikuj terazAplica acumJelentkezz most<\/p>\n","protected":false},"author":3,"featured_media":0,"parent":0,"menu_order":0,"comment_status":"closed","ping_status":"closed","template":"","meta":{"_et_pb_use_builder":"on","_et_pb_old_content":"","_et_gb_content_width":"","footnotes":""},"class_list":["post-1737","page","type-page","status-publish","hentry"],"yoast_head":"<!-- This site is optimized with the Yoast SEO plugin v27.4 - https:\/\/yoast.com\/product\/yoast-seo-wordpress\/ -->\n<title>W\u00e4hlen Sie Ihre Sprache - Der Personalkontakter<\/title>\n<meta name=\"description\" content=\"W\u00e4hlen Sie Ihre Sprache - Professionelle Agentur f\u00fcr Zeitarbeit in Augsburg \u2714 Wir finden ihr Personal!\" \/>\n<meta name=\"robots\" content=\"index, follow, max-snippet:-1, max-image-preview:large, max-video-preview:-1\" \/>\n<link rel=\"canonical\" href=\"https:\/\/www.personalkontakter.de\/waehlen-sie-ihre-sprache\/\" \/>\n<meta property=\"og:locale\" content=\"en_US\" \/>\n<meta property=\"og:type\" content=\"article\" \/>\n<meta property=\"og:title\" content=\"W\u00e4hlen Sie Ihre Sprache - Der Personalkontakter\" \/>\n<meta property=\"og:description\" content=\"W\u00e4hlen Sie Ihre Sprache - Professionelle Agentur f\u00fcr Zeitarbeit in Augsburg \u2714 Wir finden ihr Personal!\" \/>\n<meta property=\"og:url\" content=\"https:\/\/www.personalkontakter.de\/waehlen-sie-ihre-sprache\/\" \/>\n<meta property=\"og:site_name\" content=\"Der Personalkontakter\" \/>\n<meta property=\"article:publisher\" content=\"http:\/\/www.personalkontaker.de\" \/>\n<meta property=\"article:modified_time\" content=\"2025-01-31T10:46:21+00:00\" \/>\n<meta name=\"twitter:card\" content=\"summary_large_image\" \/>\n<meta name=\"twitter:label1\" content=\"Est. reading time\" \/>\n\t<meta name=\"twitter:data1\" content=\"2 minutes\" \/>\n<script type=\"application\/ld+json\" class=\"yoast-schema-graph\">{\"@context\":\"https:\\\/\\\/schema.org\",\"@graph\":[{\"@type\":\"WebPage\",\"@id\":\"https:\\\/\\\/www.personalkontakter.de\\\/waehlen-sie-ihre-sprache\\\/\",\"url\":\"https:\\\/\\\/www.personalkontakter.de\\\/waehlen-sie-ihre-sprache\\\/\",\"name\":\"W\u00e4hlen Sie Ihre Sprache - Der Personalkontakter\",\"isPartOf\":{\"@id\":\"https:\\\/\\\/www.personalkontakter.de\\\/pl\\\/#website\"},\"datePublished\":\"2020-11-05T22:31:31+00:00\",\"dateModified\":\"2025-01-31T10:46:21+00:00\",\"description\":\"W\u00e4hlen Sie Ihre Sprache - Professionelle Agentur f\u00fcr Zeitarbeit in Augsburg \u2714 Wir finden ihr Personal!\",\"breadcrumb\":{\"@id\":\"https:\\\/\\\/www.personalkontakter.de\\\/waehlen-sie-ihre-sprache\\\/#breadcrumb\"},\"inLanguage\":\"en-US\",\"potentialAction\":[{\"@type\":\"ReadAction\",\"target\":[\"https:\\\/\\\/www.personalkontakter.de\\\/waehlen-sie-ihre-sprache\\\/\"]}]},{\"@type\":\"BreadcrumbList\",\"@id\":\"https:\\\/\\\/www.personalkontakter.de\\\/waehlen-sie-ihre-sprache\\\/#breadcrumb\",\"itemListElement\":[{\"@type\":\"ListItem\",\"position\":1,\"name\":\"Home\",\"item\":\"https:\\\/\\\/www.personalkontakter.de\\\/en\\\/\"},{\"@type\":\"ListItem\",\"position\":2,\"name\":\"W\u00e4hlen Sie Ihre Sprache\"}]},{\"@type\":\"WebSite\",\"@id\":\"https:\\\/\\\/www.personalkontakter.de\\\/pl\\\/#website\",\"url\":\"https:\\\/\\\/www.personalkontakter.de\\\/pl\\\/\",\"name\":\"Der Personalkontakter\",\"description\":\"Wir denken europ\u00e4isch!\",\"potentialAction\":[{\"@type\":\"SearchAction\",\"target\":{\"@type\":\"EntryPoint\",\"urlTemplate\":\"https:\\\/\\\/www.personalkontakter.de\\\/pl\\\/?s={search_term_string}\"},\"query-input\":{\"@type\":\"PropertyValueSpecification\",\"valueRequired\":true,\"valueName\":\"search_term_string\"}}],\"inLanguage\":\"en-US\"}]}<\/script>\n<!-- \/ Yoast SEO plugin. -->","yoast_head_json":{"title":"W\u00e4hlen Sie Ihre Sprache - Der Personalkontakter","description":"W\u00e4hlen Sie Ihre Sprache - Professionelle Agentur f\u00fcr Zeitarbeit in Augsburg \u2714 Wir finden ihr Personal!","robots":{"index":"index","follow":"follow","max-snippet":"max-snippet:-1","max-image-preview":"max-image-preview:large","max-video-preview":"max-video-preview:-1"},"canonical":"https:\/\/www.personalkontakter.de\/waehlen-sie-ihre-sprache\/","og_locale":"en_US","og_type":"article","og_title":"W\u00e4hlen Sie Ihre Sprache - Der Personalkontakter","og_description":"W\u00e4hlen Sie Ihre Sprache - Professionelle Agentur f\u00fcr Zeitarbeit in Augsburg \u2714 Wir finden ihr Personal!","og_url":"https:\/\/www.personalkontakter.de\/waehlen-sie-ihre-sprache\/","og_site_name":"Der Personalkontakter","article_publisher":"http:\/\/www.personalkontaker.de","article_modified_time":"2025-01-31T10:46:21+00:00","twitter_card":"summary_large_image","twitter_misc":{"Est. reading time":"2 minutes"},"schema":{"@context":"https:\/\/schema.org","@graph":[{"@type":"WebPage","@id":"https:\/\/www.personalkontakter.de\/waehlen-sie-ihre-sprache\/","url":"https:\/\/www.personalkontakter.de\/waehlen-sie-ihre-sprache\/","name":"W\u00e4hlen Sie Ihre Sprache - Der Personalkontakter","isPartOf":{"@id":"https:\/\/www.personalkontakter.de\/pl\/#website"},"datePublished":"2020-11-05T22:31:31+00:00","dateModified":"2025-01-31T10:46:21+00:00","description":"W\u00e4hlen Sie Ihre Sprache - Professionelle Agentur f\u00fcr Zeitarbeit in Augsburg \u2714 Wir finden ihr Personal!","breadcrumb":{"@id":"https:\/\/www.personalkontakter.de\/waehlen-sie-ihre-sprache\/#breadcrumb"},"inLanguage":"en-US","potentialAction":[{"@type":"ReadAction","target":["https:\/\/www.personalkontakter.de\/waehlen-sie-ihre-sprache\/"]}]},{"@type":"BreadcrumbList","@id":"https:\/\/www.personalkontakter.de\/waehlen-sie-ihre-sprache\/#breadcrumb","itemListElement":[{"@type":"ListItem","position":1,"name":"Home","item":"https:\/\/www.personalkontakter.de\/en\/"},{"@type":"ListItem","position":2,"name":"W\u00e4hlen Sie Ihre Sprache"}]},{"@type":"WebSite","@id":"https:\/\/www.personalkontakter.de\/pl\/#website","url":"https:\/\/www.personalkontakter.de\/pl\/","name":"Der Personalkontakter","description":"Wir denken europ\u00e4isch!","potentialAction":[{"@type":"SearchAction","target":{"@type":"EntryPoint","urlTemplate":"https:\/\/www.personalkontakter.de\/pl\/?s={search_term_string}"},"query-input":{"@type":"PropertyValueSpecification","valueRequired":true,"valueName":"search_term_string"}}],"inLanguage":"en-US"}]}},"_links":{"self":[{"href":"https:\/\/www.personalkontakter.de\/en\/wp-json\/wp\/v2\/pages\/1737","targetHints":{"allow":["GET"]}}],"collection":[{"href":"https:\/\/www.personalkontakter.de\/en\/wp-json\/wp\/v2\/pages"}],"about":[{"href":"https:\/\/www.personalkontakter.de\/en\/wp-json\/wp\/v2\/types\/page"}],"author":[{"embeddable":true,"href":"https:\/\/www.personalkontakter.de\/en\/wp-json\/wp\/v2\/users\/3"}],"replies":[{"embeddable":true,"href":"https:\/\/www.personalkontakter.de\/en\/wp-json\/wp\/v2\/comments?post=1737"}],"version-history":[{"count":9,"href":"https:\/\/www.personalkontakter.de\/en\/wp-json\/wp\/v2\/pages\/1737\/revisions"}],"predecessor-version":[{"id":6832,"href":"https:\/\/www.personalkontakter.de\/en\/wp-json\/wp\/v2\/pages\/1737\/revisions\/6832"}],"wp:attachment":[{"href":"https:\/\/www.personalkontakter.de\/en\/wp-json\/wp\/v2\/media?parent=1737"}],"curies":[{"name":"wp","href":"https:\/\/api.w.org\/{rel}","templated":true}]}}